{"id":5725,"date":"2020-10-28T11:57:22","date_gmt":"2020-10-28T11:57:22","guid":{"rendered":"https:\/\/notejido.com\/productos\/artigos-sanitarios-e-higienicos\/"},"modified":"2026-04-07T11:56:12","modified_gmt":"2026-04-07T11:56:12","slug":"protecao-respiratoria","status":"publish","type":"product","link":"https:\/\/notejido.com\/pt-pt\/produtos\/protecao-respiratoria\/","title":{"rendered":"Prote\u00e7\u00e3o respirat\u00f3ria"},"content":{"rendered":"<div id=\"pl-gb5725-69dbde0ad9b05\"  class=\"panel-layout\" ><div id=\"pg-gb5725-69dbde0ad9b05-0\"  class=\"panel-grid panel-has-style\" ><div class=\"section-intro panel-row-style panel-row-style-for-gb5725-69dbde0ad9b05-0\" ><div id=\"pgc-gb5725-69dbde0ad9b05-0-0\"  class=\"panel-grid-cell\" ><div id=\"panel-gb5725-69dbde0ad9b05-0-0-0\" class=\"so-panel widget widget_sow-editor panel-first-child panel-last-child\" data-index=\"0\" ><div\n\t\t\t\n\t\t\tclass=\"so-widget-sow-editor so-widget-sow-editor-base\"\n\t\t\t\n\t\t>\n<div class=\"siteorigin-widget-tinymce textwidget\">\n\t<p style=\"text-align: center;\">A nossa gama de <strong>prote\u00e7\u00e3o respirat\u00f3ria<\/strong> inclui aqueles produtos higi\u00e9nico-sanit\u00e1rios destinados a proteger o utilizador contra diversas part\u00edculas com elevada toxicidade. Os produtos de que estamos falando s\u00e3o <strong>m\u00e1scaras cir\u00fargicas do tipo IIR<\/strong> e <strong>m\u00e1scaras do tipo FFP2<\/strong>.<\/p>\n<\/div>\n<\/div><\/div><\/div><\/div><\/div><\/div>\n\n\n<p><\/p>\n","protected":false},"featured_media":8015,"template":"","class_list":["post-5725","product","type-product","status-publish","has-post-thumbnail","hentry"],"acf":[],"yoast_head":"<!-- This site is optimized with the Yoast SEO plugin v27.3 - https:\/\/yoast.com\/product\/yoast-seo-wordpress\/ -->\n<title>Prote\u00e7\u00e3o respirat\u00f3ria - Disenos NT<\/title>\n<meta name=\"robots\" content=\"index, follow, max-snippet:-1, max-image-preview:large, max-video-preview:-1\" \/>\n<link rel=\"canonical\" href=\"https:\/\/notejido.com\/pt-pt\/produtos\/protecao-respiratoria\/\" \/>\n<meta property=\"og:locale\" content=\"pt_PT\" \/>\n<meta property=\"og:type\" content=\"article\" \/>\n<meta property=\"og:title\" content=\"Prote\u00e7\u00e3o respirat\u00f3ria - Disenos NT\" \/>\n<meta property=\"og:description\" content=\"A nossa gama de prote\u00e7\u00e3o respirat\u00f3ria inclui aqueles produtos higi\u00e9nico-sanit\u00e1rios destinados a proteger o utilizador contra diversas part\u00edculas com elevada [&hellip;]\" \/>\n<meta property=\"og:url\" content=\"https:\/\/notejido.com\/pt-pt\/produtos\/protecao-respiratoria\/\" \/>\n<meta property=\"og:site_name\" content=\"Disenos NT\" \/>\n<meta property=\"article:modified_time\" content=\"2026-04-07T11:56:12+00:00\" \/>\n<meta property=\"og:image\" content=\"https:\/\/notejido.com\/wp-content\/uploads\/2020\/09\/MASCARILLAS-QUIRURJICAS-scaled.jpg\" \/>\n\t<meta property=\"og:image:width\" content=\"2560\" \/>\n\t<meta property=\"og:image:height\" content=\"1440\" \/>\n\t<meta property=\"og:image:type\" content=\"image\/jpeg\" \/>\n<meta name=\"twitter:card\" content=\"summary_large_image\" \/>\n<meta name=\"twitter:label1\" content=\"Tempo estimado de leitura\" \/>\n\t<meta name=\"twitter:data1\" content=\"1 minuto\" \/>\n<script type=\"application\/ld+json\" class=\"yoast-schema-graph\">{\"@context\":\"https:\\\/\\\/schema.org\",\"@graph\":[{\"@type\":\"WebPage\",\"@id\":\"https:\\\/\\\/notejido.com\\\/pt-pt\\\/produtos\\\/protecao-respiratoria\\\/\",\"url\":\"https:\\\/\\\/notejido.com\\\/pt-pt\\\/produtos\\\/protecao-respiratoria\\\/\",\"name\":\"Prote\u00e7\u00e3o respirat\u00f3ria - Disenos NT\",\"isPartOf\":{\"@id\":\"https:\\\/\\\/notejido.com\\\/pt-pt\\\/#website\"},\"primaryImageOfPage\":{\"@id\":\"https:\\\/\\\/notejido.com\\\/pt-pt\\\/produtos\\\/protecao-respiratoria\\\/#primaryimage\"},\"image\":{\"@id\":\"https:\\\/\\\/notejido.com\\\/pt-pt\\\/produtos\\\/protecao-respiratoria\\\/#primaryimage\"},\"thumbnailUrl\":\"https:\\\/\\\/notejido.com\\\/wp-content\\\/uploads\\\/2020\\\/09\\\/MASCARILLAS-QUIRURJICAS-scaled.jpg\",\"datePublished\":\"2020-10-28T11:57:22+00:00\",\"dateModified\":\"2026-04-07T11:56:12+00:00\",\"breadcrumb\":{\"@id\":\"https:\\\/\\\/notejido.com\\\/pt-pt\\\/produtos\\\/protecao-respiratoria\\\/#breadcrumb\"},\"inLanguage\":\"pt-PT\",\"potentialAction\":[{\"@type\":\"ReadAction\",\"target\":[\"https:\\\/\\\/notejido.com\\\/pt-pt\\\/produtos\\\/protecao-respiratoria\\\/\"]}]},{\"@type\":\"ImageObject\",\"inLanguage\":\"pt-PT\",\"@id\":\"https:\\\/\\\/notejido.com\\\/pt-pt\\\/produtos\\\/protecao-respiratoria\\\/#primaryimage\",\"url\":\"https:\\\/\\\/notejido.com\\\/wp-content\\\/uploads\\\/2020\\\/09\\\/MASCARILLAS-QUIRURJICAS-scaled.jpg\",\"contentUrl\":\"https:\\\/\\\/notejido.com\\\/wp-content\\\/uploads\\\/2020\\\/09\\\/MASCARILLAS-QUIRURJICAS-scaled.jpg\",\"width\":2560,\"height\":1440,\"caption\":\"Coronavirus department doctor making a phone call\"},{\"@type\":\"BreadcrumbList\",\"@id\":\"https:\\\/\\\/notejido.com\\\/pt-pt\\\/produtos\\\/protecao-respiratoria\\\/#breadcrumb\",\"itemListElement\":[{\"@type\":\"ListItem\",\"position\":1,\"name\":\"Portada\",\"item\":\"https:\\\/\\\/notejido.com\\\/pt-pt\\\/\"},{\"@type\":\"ListItem\",\"position\":2,\"name\":\"Prote\u00e7\u00e3o respirat\u00f3ria\"}]},{\"@type\":\"WebSite\",\"@id\":\"https:\\\/\\\/notejido.com\\\/pt-pt\\\/#website\",\"url\":\"https:\\\/\\\/notejido.com\\\/pt-pt\\\/\",\"name\":\"Disenos NT\",\"description\":\"Bolsas reutilizables, art\u00edculos higi\u00e9nicos-sanitarios, manteles desechables  y otro packaging promocional en material flexible\",\"potentialAction\":[{\"@type\":\"SearchAction\",\"target\":{\"@type\":\"EntryPoint\",\"urlTemplate\":\"https:\\\/\\\/notejido.com\\\/pt-pt\\\/?s={search_term_string}\"},\"query-input\":{\"@type\":\"PropertyValueSpecification\",\"valueRequired\":true,\"valueName\":\"search_term_string\"}}],\"inLanguage\":\"pt-PT\"}]}<\/script>\n<!-- \/ Yoast SEO plugin. -->","yoast_head_json":{"title":"Prote\u00e7\u00e3o respirat\u00f3ria - Disenos NT","robots":{"index":"index","follow":"follow","max-snippet":"max-snippet:-1","max-image-preview":"max-image-preview:large","max-video-preview":"max-video-preview:-1"},"canonical":"https:\/\/notejido.com\/pt-pt\/produtos\/protecao-respiratoria\/","og_locale":"pt_PT","og_type":"article","og_title":"Prote\u00e7\u00e3o respirat\u00f3ria - Disenos NT","og_description":"A nossa gama de prote\u00e7\u00e3o respirat\u00f3ria inclui aqueles produtos higi\u00e9nico-sanit\u00e1rios destinados a proteger o utilizador contra diversas part\u00edculas com elevada [&hellip;]","og_url":"https:\/\/notejido.com\/pt-pt\/produtos\/protecao-respiratoria\/","og_site_name":"Disenos NT","article_modified_time":"2026-04-07T11:56:12+00:00","og_image":[{"width":2560,"height":1440,"url":"https:\/\/notejido.com\/wp-content\/uploads\/2020\/09\/MASCARILLAS-QUIRURJICAS-scaled.jpg","type":"image\/jpeg"}],"twitter_card":"summary_large_image","twitter_misc":{"Tempo estimado de leitura":"1 minuto"},"schema":{"@context":"https:\/\/schema.org","@graph":[{"@type":"WebPage","@id":"https:\/\/notejido.com\/pt-pt\/produtos\/protecao-respiratoria\/","url":"https:\/\/notejido.com\/pt-pt\/produtos\/protecao-respiratoria\/","name":"Prote\u00e7\u00e3o respirat\u00f3ria - Disenos NT","isPartOf":{"@id":"https:\/\/notejido.com\/pt-pt\/#website"},"primaryImageOfPage":{"@id":"https:\/\/notejido.com\/pt-pt\/produtos\/protecao-respiratoria\/#primaryimage"},"image":{"@id":"https:\/\/notejido.com\/pt-pt\/produtos\/protecao-respiratoria\/#primaryimage"},"thumbnailUrl":"https:\/\/notejido.com\/wp-content\/uploads\/2020\/09\/MASCARILLAS-QUIRURJICAS-scaled.jpg","datePublished":"2020-10-28T11:57:22+00:00","dateModified":"2026-04-07T11:56:12+00:00","breadcrumb":{"@id":"https:\/\/notejido.com\/pt-pt\/produtos\/protecao-respiratoria\/#breadcrumb"},"inLanguage":"pt-PT","potentialAction":[{"@type":"ReadAction","target":["https:\/\/notejido.com\/pt-pt\/produtos\/protecao-respiratoria\/"]}]},{"@type":"ImageObject","inLanguage":"pt-PT","@id":"https:\/\/notejido.com\/pt-pt\/produtos\/protecao-respiratoria\/#primaryimage","url":"https:\/\/notejido.com\/wp-content\/uploads\/2020\/09\/MASCARILLAS-QUIRURJICAS-scaled.jpg","contentUrl":"https:\/\/notejido.com\/wp-content\/uploads\/2020\/09\/MASCARILLAS-QUIRURJICAS-scaled.jpg","width":2560,"height":1440,"caption":"Coronavirus department doctor making a phone call"},{"@type":"BreadcrumbList","@id":"https:\/\/notejido.com\/pt-pt\/produtos\/protecao-respiratoria\/#breadcrumb","itemListElement":[{"@type":"ListItem","position":1,"name":"Portada","item":"https:\/\/notejido.com\/pt-pt\/"},{"@type":"ListItem","position":2,"name":"Prote\u00e7\u00e3o respirat\u00f3ria"}]},{"@type":"WebSite","@id":"https:\/\/notejido.com\/pt-pt\/#website","url":"https:\/\/notejido.com\/pt-pt\/","name":"Disenos NT","description":"Bolsas reutilizables, art\u00edculos higi\u00e9nicos-sanitarios, manteles desechables  y otro packaging promocional en material flexible","potentialAction":[{"@type":"SearchAction","target":{"@type":"EntryPoint","urlTemplate":"https:\/\/notejido.com\/pt-pt\/?s={search_term_string}"},"query-input":{"@type":"PropertyValueSpecification","valueRequired":true,"valueName":"search_term_string"}}],"inLanguage":"pt-PT"}]}},"_links":{"self":[{"href":"https:\/\/notejido.com\/pt-pt\/wp-json\/wp\/v2\/product\/5725","targetHints":{"allow":["GET"]}}],"collection":[{"href":"https:\/\/notejido.com\/pt-pt\/wp-json\/wp\/v2\/product"}],"about":[{"href":"https:\/\/notejido.com\/pt-pt\/wp-json\/wp\/v2\/types\/product"}],"wp:featuredmedia":[{"embeddable":true,"href":"https:\/\/notejido.com\/pt-pt\/wp-json\/wp\/v2\/media\/8015"}],"wp:attachment":[{"href":"https:\/\/notejido.com\/pt-pt\/wp-json\/wp\/v2\/media?parent=5725"}],"curies":[{"name":"wp","href":"https:\/\/api.w.org\/{rel}","templated":true}]}}