{"id":8337,"date":"2024-11-04T12:00:36","date_gmt":"2024-11-04T12:00:36","guid":{"rendered":"https:\/\/notejido.com\/productos\/fundas-protectoras\/"},"modified":"2024-11-12T11:26:51","modified_gmt":"2024-11-12T11:26:51","slug":"capas-protetoras","status":"publish","type":"product","link":"https:\/\/notejido.com\/pt-pt\/produtos\/capas-protetoras\/","title":{"rendered":"Capas protetoras"},"content":{"rendered":"<div id=\"pl-gb8337-69dbb0d6c4bc2\"  class=\"panel-layout\" ><div id=\"pg-gb8337-69dbb0d6c4bc2-0\"  class=\"panel-grid panel-has-style\" ><div class=\"section-intro panel-row-style panel-row-style-for-gb8337-69dbb0d6c4bc2-0\" ><div id=\"pgc-gb8337-69dbb0d6c4bc2-0-0\"  class=\"panel-grid-cell\" ><div id=\"panel-gb8337-69dbb0d6c4bc2-0-0-0\" class=\"so-panel widget widget_sow-editor panel-first-child panel-last-child\" data-index=\"0\" ><div\n\t\t\t\n\t\t\tclass=\"so-widget-sow-editor so-widget-sow-editor-base\"\n\t\t\t\n\t\t>\n<div class=\"siteorigin-widget-tinymce textwidget\">\n\t<p style=\"text-align: center;\">As <strong>capas protetoras<\/strong> s\u00e3o utilizadas em hospitais para situa\u00e7\u00f5es onde a rotatividade de pacientes \u00e9 alta, protegendo contra agentes infecciosos. Destacam-se principalmente pela <strong>impermeabilidade<\/strong>, <strong>resist\u00eancia<\/strong> e <strong>extrema suavidade<\/strong> para maior conforto do paciente.<\/p>\n<\/div>\n<\/div><\/div><\/div><\/div><\/div><\/div>","protected":false},"featured_media":8034,"template":"","class_list":["post-8337","product","type-product","status-publish","has-post-thumbnail","hentry"],"acf":[],"yoast_head":"<!-- This site is optimized with the Yoast SEO plugin v27.3 - https:\/\/yoast.com\/product\/yoast-seo-wordpress\/ -->\n<title>Capas protetoras - Disenos NT<\/title>\n<meta name=\"robots\" content=\"index, follow, max-snippet:-1, max-image-preview:large, max-video-preview:-1\" \/>\n<link rel=\"canonical\" href=\"https:\/\/notejido.com\/pt-pt\/produtos\/capas-protetoras\/\" \/>\n<meta property=\"og:locale\" content=\"pt_PT\" \/>\n<meta property=\"og:type\" content=\"article\" \/>\n<meta property=\"og:title\" content=\"Capas protetoras - Disenos NT\" \/>\n<meta property=\"og:description\" content=\"As capas protetoras s\u00e3o utilizadas em hospitais para situa\u00e7\u00f5es onde a rotatividade de pacientes \u00e9 alta, protegendo contra agentes infecciosos. [&hellip;]\" \/>\n<meta property=\"og:url\" content=\"https:\/\/notejido.com\/pt-pt\/produtos\/capas-protetoras\/\" \/>\n<meta property=\"og:site_name\" content=\"Disenos NT\" \/>\n<meta property=\"article:modified_time\" content=\"2024-11-12T11:26:51+00:00\" \/>\n<meta property=\"og:image\" content=\"https:\/\/notejido.com\/wp-content\/uploads\/2024\/10\/FUNDAS-PROTECTORAS-DE-HOSPITAL-scaled.jpg\" \/>\n\t<meta property=\"og:image:width\" content=\"2560\" \/>\n\t<meta property=\"og:image:height\" content=\"1440\" \/>\n\t<meta property=\"og:image:type\" content=\"image\/jpeg\" \/>\n<meta name=\"twitter:card\" content=\"summary_large_image\" \/>\n<meta name=\"twitter:label1\" content=\"Tempo estimado de leitura\" \/>\n\t<meta name=\"twitter:data1\" content=\"1 minuto\" \/>\n<script type=\"application\/ld+json\" class=\"yoast-schema-graph\">{\"@context\":\"https:\\\/\\\/schema.org\",\"@graph\":[{\"@type\":\"WebPage\",\"@id\":\"https:\\\/\\\/notejido.com\\\/pt-pt\\\/produtos\\\/capas-protetoras\\\/\",\"url\":\"https:\\\/\\\/notejido.com\\\/pt-pt\\\/produtos\\\/capas-protetoras\\\/\",\"name\":\"Capas protetoras - Disenos NT\",\"isPartOf\":{\"@id\":\"https:\\\/\\\/notejido.com\\\/pt-pt\\\/#website\"},\"primaryImageOfPage\":{\"@id\":\"https:\\\/\\\/notejido.com\\\/pt-pt\\\/produtos\\\/capas-protetoras\\\/#primaryimage\"},\"image\":{\"@id\":\"https:\\\/\\\/notejido.com\\\/pt-pt\\\/produtos\\\/capas-protetoras\\\/#primaryimage\"},\"thumbnailUrl\":\"https:\\\/\\\/notejido.com\\\/wp-content\\\/uploads\\\/2024\\\/10\\\/FUNDAS-PROTECTORAS-DE-HOSPITAL-scaled.jpg\",\"datePublished\":\"2024-11-04T12:00:36+00:00\",\"dateModified\":\"2024-11-12T11:26:51+00:00\",\"breadcrumb\":{\"@id\":\"https:\\\/\\\/notejido.com\\\/pt-pt\\\/produtos\\\/capas-protetoras\\\/#breadcrumb\"},\"inLanguage\":\"pt-PT\",\"potentialAction\":[{\"@type\":\"ReadAction\",\"target\":[\"https:\\\/\\\/notejido.com\\\/pt-pt\\\/produtos\\\/capas-protetoras\\\/\"]}]},{\"@type\":\"ImageObject\",\"inLanguage\":\"pt-PT\",\"@id\":\"https:\\\/\\\/notejido.com\\\/pt-pt\\\/produtos\\\/capas-protetoras\\\/#primaryimage\",\"url\":\"https:\\\/\\\/notejido.com\\\/wp-content\\\/uploads\\\/2024\\\/10\\\/FUNDAS-PROTECTORAS-DE-HOSPITAL-scaled.jpg\",\"contentUrl\":\"https:\\\/\\\/notejido.com\\\/wp-content\\\/uploads\\\/2024\\\/10\\\/FUNDAS-PROTECTORAS-DE-HOSPITAL-scaled.jpg\",\"width\":2560,\"height\":1440,\"caption\":\"Expert young nurse working at the hospital, she is making the bed and changing sheets, healthcare service and assistance concept\"},{\"@type\":\"BreadcrumbList\",\"@id\":\"https:\\\/\\\/notejido.com\\\/pt-pt\\\/produtos\\\/capas-protetoras\\\/#breadcrumb\",\"itemListElement\":[{\"@type\":\"ListItem\",\"position\":1,\"name\":\"Portada\",\"item\":\"https:\\\/\\\/notejido.com\\\/pt-pt\\\/\"},{\"@type\":\"ListItem\",\"position\":2,\"name\":\"Capas protetoras\"}]},{\"@type\":\"WebSite\",\"@id\":\"https:\\\/\\\/notejido.com\\\/pt-pt\\\/#website\",\"url\":\"https:\\\/\\\/notejido.com\\\/pt-pt\\\/\",\"name\":\"Disenos NT\",\"description\":\"Bolsas reutilizables, art\u00edculos higi\u00e9nicos-sanitarios, manteles desechables  y otro packaging promocional en material flexible\",\"potentialAction\":[{\"@type\":\"SearchAction\",\"target\":{\"@type\":\"EntryPoint\",\"urlTemplate\":\"https:\\\/\\\/notejido.com\\\/pt-pt\\\/?s={search_term_string}\"},\"query-input\":{\"@type\":\"PropertyValueSpecification\",\"valueRequired\":true,\"valueName\":\"search_term_string\"}}],\"inLanguage\":\"pt-PT\"}]}<\/script>\n<!-- \/ Yoast SEO plugin. -->","yoast_head_json":{"title":"Capas protetoras - Disenos NT","robots":{"index":"index","follow":"follow","max-snippet":"max-snippet:-1","max-image-preview":"max-image-preview:large","max-video-preview":"max-video-preview:-1"},"canonical":"https:\/\/notejido.com\/pt-pt\/produtos\/capas-protetoras\/","og_locale":"pt_PT","og_type":"article","og_title":"Capas protetoras - Disenos NT","og_description":"As capas protetoras s\u00e3o utilizadas em hospitais para situa\u00e7\u00f5es onde a rotatividade de pacientes \u00e9 alta, protegendo contra agentes infecciosos. [&hellip;]","og_url":"https:\/\/notejido.com\/pt-pt\/produtos\/capas-protetoras\/","og_site_name":"Disenos NT","article_modified_time":"2024-11-12T11:26:51+00:00","og_image":[{"width":2560,"height":1440,"url":"https:\/\/notejido.com\/wp-content\/uploads\/2024\/10\/FUNDAS-PROTECTORAS-DE-HOSPITAL-scaled.jpg","type":"image\/jpeg"}],"twitter_card":"summary_large_image","twitter_misc":{"Tempo estimado de leitura":"1 minuto"},"schema":{"@context":"https:\/\/schema.org","@graph":[{"@type":"WebPage","@id":"https:\/\/notejido.com\/pt-pt\/produtos\/capas-protetoras\/","url":"https:\/\/notejido.com\/pt-pt\/produtos\/capas-protetoras\/","name":"Capas protetoras - Disenos NT","isPartOf":{"@id":"https:\/\/notejido.com\/pt-pt\/#website"},"primaryImageOfPage":{"@id":"https:\/\/notejido.com\/pt-pt\/produtos\/capas-protetoras\/#primaryimage"},"image":{"@id":"https:\/\/notejido.com\/pt-pt\/produtos\/capas-protetoras\/#primaryimage"},"thumbnailUrl":"https:\/\/notejido.com\/wp-content\/uploads\/2024\/10\/FUNDAS-PROTECTORAS-DE-HOSPITAL-scaled.jpg","datePublished":"2024-11-04T12:00:36+00:00","dateModified":"2024-11-12T11:26:51+00:00","breadcrumb":{"@id":"https:\/\/notejido.com\/pt-pt\/produtos\/capas-protetoras\/#breadcrumb"},"inLanguage":"pt-PT","potentialAction":[{"@type":"ReadAction","target":["https:\/\/notejido.com\/pt-pt\/produtos\/capas-protetoras\/"]}]},{"@type":"ImageObject","inLanguage":"pt-PT","@id":"https:\/\/notejido.com\/pt-pt\/produtos\/capas-protetoras\/#primaryimage","url":"https:\/\/notejido.com\/wp-content\/uploads\/2024\/10\/FUNDAS-PROTECTORAS-DE-HOSPITAL-scaled.jpg","contentUrl":"https:\/\/notejido.com\/wp-content\/uploads\/2024\/10\/FUNDAS-PROTECTORAS-DE-HOSPITAL-scaled.jpg","width":2560,"height":1440,"caption":"Expert young nurse working at the hospital, she is making the bed and changing sheets, healthcare service and assistance concept"},{"@type":"BreadcrumbList","@id":"https:\/\/notejido.com\/pt-pt\/produtos\/capas-protetoras\/#breadcrumb","itemListElement":[{"@type":"ListItem","position":1,"name":"Portada","item":"https:\/\/notejido.com\/pt-pt\/"},{"@type":"ListItem","position":2,"name":"Capas protetoras"}]},{"@type":"WebSite","@id":"https:\/\/notejido.com\/pt-pt\/#website","url":"https:\/\/notejido.com\/pt-pt\/","name":"Disenos NT","description":"Bolsas reutilizables, art\u00edculos higi\u00e9nicos-sanitarios, manteles desechables  y otro packaging promocional en material flexible","potentialAction":[{"@type":"SearchAction","target":{"@type":"EntryPoint","urlTemplate":"https:\/\/notejido.com\/pt-pt\/?s={search_term_string}"},"query-input":{"@type":"PropertyValueSpecification","valueRequired":true,"valueName":"search_term_string"}}],"inLanguage":"pt-PT"}]}},"_links":{"self":[{"href":"https:\/\/notejido.com\/pt-pt\/wp-json\/wp\/v2\/product\/8337","targetHints":{"allow":["GET"]}}],"collection":[{"href":"https:\/\/notejido.com\/pt-pt\/wp-json\/wp\/v2\/product"}],"about":[{"href":"https:\/\/notejido.com\/pt-pt\/wp-json\/wp\/v2\/types\/product"}],"wp:featuredmedia":[{"embeddable":true,"href":"https:\/\/notejido.com\/pt-pt\/wp-json\/wp\/v2\/media\/8034"}],"wp:attachment":[{"href":"https:\/\/notejido.com\/pt-pt\/wp-json\/wp\/v2\/media?parent=8337"}],"curies":[{"name":"wp","href":"https:\/\/api.w.org\/{rel}","templated":true}]}}